{"id":32,"date":"2026-02-07T10:00:23","date_gmt":"2026-02-07T10:00:23","guid":{"rendered":"https:\/\/new.eo-chiropractic.com\/?page_id=32"},"modified":"2026-02-21T12:12:40","modified_gmt":"2026-02-21T12:12:40","slug":"home","status":"publish","type":"page","link":"https:\/\/eo-chiropractic.com\/de\/","title":{"rendered":"Home"},"content":{"rendered":"<div id='full_slider_1'  class='avia-fullwidth-slider main_color avia-shadow   avia-builder-el-0  el_before_av_textblock  avia-builder-el-first   container_wrap sidebar_right'  ><div  class='avia-slideshow av-mlcbn9ao-eb945e09e353e999b745997e3472899f avia-slideshow-featured_large av_slideshow_full avia-fade-slider av-slideshow-ui av-control-default av-slideshow-autoplay av-loop-endless av-loop-manual-endless av-default-height-applied   avia-slideshow-1' data-slideshow-options=\"{&quot;animation&quot;:&quot;fade&quot;,&quot;autoplay&quot;:true,&quot;loop_autoplay&quot;:&quot;endless&quot;,&quot;interval&quot;:5,&quot;loop_manual&quot;:&quot;manual-endless&quot;,&quot;autoplay_stopper&quot;:false,&quot;noNavigation&quot;:false,&quot;bg_slider&quot;:false,&quot;transitionSpeed&quot;:600,&quot;keep_padding&quot;:false,&quot;hoverpause&quot;:false,&quot;show_slide_delay&quot;:0}\"  itemprop=\"image\" itemscope=\"itemscope\" itemtype=\"https:\/\/schema.org\/ImageObject\" ><ul class='avia-slideshow-inner' style='padding-bottom: 42%;'><li  class='avia-slideshow-slide av-mlcbn9ao-eb945e09e353e999b745997e3472899f__0  slide-1 slide-odd'><div data-rel='slideshow-1' class='avia-slide-wrap'   ><img decoding=\"async\" fetchpriority=\"high\" class=\"wp-image-133 avia-img-lazy-loading-not-133\"  src=\"https:\/\/eo-chiropractic.com\/wp-content\/uploads\/2026\/02\/DSC8143-1500x630.jpeg\" width=\"1500\" height=\"630\" title='_DSC8143' alt=''  itemprop=\"thumbnailUrl\"   \/><\/div><\/li><li  class='avia-slideshow-slide av-mlcbn9ao-eb945e09e353e999b745997e3472899f__1  slide-2 slide-even'><div data-rel='slideshow-1' class='avia-slide-wrap'   ><img decoding=\"async\" fetchpriority=\"high\" class=\"wp-image-124 avia-img-lazy-loading-not-124\"  src=\"https:\/\/eo-chiropractic.com\/wp-content\/uploads\/2026\/02\/DSC7930-1500x630.jpeg\" width=\"1500\" height=\"630\" title='_DSC7930' alt=''  itemprop=\"thumbnailUrl\"   \/><\/div><\/li><li  class='avia-slideshow-slide av-mlcbn9ao-eb945e09e353e999b745997e3472899f__2  slide-3 slide-odd'><div data-rel='slideshow-1' class='avia-slide-wrap'   ><img decoding=\"async\" fetchpriority=\"high\" class=\"wp-image-132 avia-img-lazy-loading-not-132\"  src=\"https:\/\/eo-chiropractic.com\/wp-content\/uploads\/2026\/02\/DSC8098-1500x630.jpeg\" width=\"1500\" height=\"630\" title='_DSC8098' alt=''  itemprop=\"thumbnailUrl\"   \/><\/div><\/li><li  class='avia-slideshow-slide av-mlcbn9ao-eb945e09e353e999b745997e3472899f__3  slide-4 slide-even'><div data-rel='slideshow-1' class='avia-slide-wrap'   ><img decoding=\"async\" fetchpriority=\"high\" class=\"wp-image-127 avia-img-lazy-loading-not-127\"  src=\"https:\/\/eo-chiropractic.com\/wp-content\/uploads\/2026\/02\/DSC8026-1500x630.jpeg\" width=\"1500\" height=\"630\" title='_DSC8026' alt=''  itemprop=\"thumbnailUrl\"   \/><\/div><\/li><li  class='avia-slideshow-slide av-mlcbn9ao-eb945e09e353e999b745997e3472899f__4  slide-5 slide-odd'><div data-rel='slideshow-1' class='avia-slide-wrap'   ><img decoding=\"async\" fetchpriority=\"high\" class=\"wp-image-131 avia-img-lazy-loading-not-131\"  src=\"https:\/\/eo-chiropractic.com\/wp-content\/uploads\/2026\/02\/DSC8075-1500x630.jpeg\" width=\"1500\" height=\"630\" title='_DSC8075' alt=''  itemprop=\"thumbnailUrl\"   \/><\/div><\/li><li  class='avia-slideshow-slide av-mlcbn9ao-eb945e09e353e999b745997e3472899f__5  slide-6 slide-even'><div data-rel='slideshow-1' class='avia-slide-wrap'   ><img decoding=\"async\" fetchpriority=\"high\" class=\"wp-image-129 avia-img-lazy-loading-not-129\"  src=\"https:\/\/eo-chiropractic.com\/wp-content\/uploads\/2026\/02\/DSC8050-1500x630.jpeg\" width=\"1500\" height=\"630\" title='_DSC8050' alt=''  itemprop=\"thumbnailUrl\"   \/><\/div><\/li><li  class='avia-slideshow-slide av-mlcbn9ao-eb945e09e353e999b745997e3472899f__6  slide-7 slide-odd'><div data-rel='slideshow-1' class='avia-slide-wrap'   ><img decoding=\"async\" fetchpriority=\"high\" class=\"wp-image-126 avia-img-lazy-loading-not-126\"  src=\"https:\/\/eo-chiropractic.com\/wp-content\/uploads\/2026\/02\/DSC7993-1500x630.jpeg\" width=\"1500\" height=\"630\" title='_DSC7993' alt=''  itemprop=\"thumbnailUrl\"   \/><\/div><\/li><li  class='avia-slideshow-slide av-mlcbn9ao-eb945e09e353e999b745997e3472899f__7  slide-8 slide-even'><div data-rel='slideshow-1' class='avia-slide-wrap'   ><img decoding=\"async\" fetchpriority=\"high\" class=\"wp-image-130 avia-img-lazy-loading-not-130\"  src=\"https:\/\/eo-chiropractic.com\/wp-content\/uploads\/2026\/02\/DSC8073-1500x630.jpeg\" width=\"1500\" height=\"630\" title='_DSC8073' alt=''  itemprop=\"thumbnailUrl\"   \/><\/div><\/li><li  class='avia-slideshow-slide av-mlcbn9ao-eb945e09e353e999b745997e3472899f__8  slide-9 slide-odd'><div data-rel='slideshow-1' class='avia-slide-wrap'   ><img decoding=\"async\" fetchpriority=\"high\" class=\"wp-image-128 avia-img-lazy-loading-not-128\"  src=\"https:\/\/eo-chiropractic.com\/wp-content\/uploads\/2026\/02\/DSC8034-1500x630.jpeg\" width=\"1500\" height=\"630\" title='_DSC8034' alt=''  itemprop=\"thumbnailUrl\"   \/><\/div><\/li><li  class='avia-slideshow-slide av-mlcbn9ao-eb945e09e353e999b745997e3472899f__9  slide-10 slide-even'><div data-rel='slideshow-1' class='avia-slide-wrap'   ><img decoding=\"async\" fetchpriority=\"high\" class=\"wp-image-125 avia-img-lazy-loading-not-125\"  src=\"https:\/\/eo-chiropractic.com\/wp-content\/uploads\/2026\/02\/DSC7931-1500x630.jpeg\" width=\"1500\" height=\"630\" title='_DSC7931' alt=''  itemprop=\"thumbnailUrl\"   \/><\/div><\/li><\/ul><div class='avia-slideshow-arrows avia-slideshow-controls' ><a href='#prev' class='prev-slide  avia-svg-icon avia-font-svg_entypo-fontello' data-av_svg_icon='left-open-big' data-av_iconset='svg_entypo-fontello' tabindex='-1' title=\"Zur\u00fcck\"><svg version=\"1.1\" xmlns=\"http:\/\/www.w3.org\/2000\/svg\" width=\"15\" height=\"32\" viewbox=\"0 0 15 32\" preserveaspectratio=\"xMidYMid meet\" aria-labelledby='av-svg-title-1' aria-describedby='av-svg-desc-1' role=\"graphics-symbol\" aria-hidden=\"true\">\n<title id='av-svg-title-1'>Zur\u00fcck<\/title>\n<desc id='av-svg-desc-1'>Zur\u00fcck<\/desc>\n<path d=\"M14.464 27.84q0.832 0.832 0 1.536-0.832 0.832-1.536 0l-12.544-12.608q-0.768-0.768 0-1.6l12.544-12.608q0.704-0.832 1.536 0 0.832 0.704 0 1.536l-11.456 11.904z\"><\/path>\n<\/svg><span class='avia_hidden_link_text'>Zur\u00fcck<\/span><\/a><a href='#next' class='next-slide  avia-svg-icon avia-font-svg_entypo-fontello' data-av_svg_icon='right-open-big' data-av_iconset='svg_entypo-fontello' tabindex='-1' title=\"Weiter\"><svg version=\"1.1\" xmlns=\"http:\/\/www.w3.org\/2000\/svg\" width=\"15\" height=\"32\" viewbox=\"0 0 15 32\" preserveaspectratio=\"xMidYMid meet\" aria-labelledby='av-svg-title-2' aria-describedby='av-svg-desc-2' role=\"graphics-symbol\" aria-hidden=\"true\">\n<title id='av-svg-title-2'>Weiter<\/title>\n<desc id='av-svg-desc-2'>Weiter<\/desc>\n<path d=\"M0.416 27.84l11.456-11.84-11.456-11.904q-0.832-0.832 0-1.536 0.832-0.832 1.536 0l12.544 12.608q0.768 0.832 0 1.6l-12.544 12.608q-0.704 0.832-1.536 0-0.832-0.704 0-1.536z\"><\/path>\n<\/svg><span class='avia_hidden_link_text'>Weiter<\/span><\/a><\/div><div class='avia-slideshow-dots avia-slideshow-controls'><a href='#1' class='goto-slide active' >1<\/a><a href='#2' class='goto-slide' >2<\/a><a href='#3' class='goto-slide' >3<\/a><a href='#4' class='goto-slide' >4<\/a><a href='#5' class='goto-slide' >5<\/a><a href='#6' class='goto-slide' >6<\/a><a href='#7' class='goto-slide' >7<\/a><a href='#8' class='goto-slide' >8<\/a><a href='#9' class='goto-slide' >9<\/a><a href='#10' class='goto-slide' >10<\/a><\/div><\/div><\/div><div id='after_full_slider_1'  class='main_color av_default_container_wrap container_wrap sidebar_right'  ><div class='container av-section-cont-open' ><div class='template-page content  av-content-small alpha units'><div class='post-entry post-entry-type-page post-entry-32'><div class='entry-content-wrapper clearfix'>\n<section  class='av_textblock_section av-wgmc-33647443e18be2701f819baeea510f4c'   itemscope=\"itemscope\" itemtype=\"https:\/\/schema.org\/CreativeWork\" ><div class='avia_textblock'  itemprop=\"text\" ><p><strong>Herzlich Willkommen bei EO-Chiropractic<\/strong><\/p>\n<p>Unser Ziel bei EO Chiropractic ist es, Ihnen eine hochwertige Behandlung zu bieten, Schmerzen zu lindern und Ihre Leistungsf\u00e4higkeit zu maximieren \u2013 in einer vertrauensvollen und f\u00fcrsorglichen Umgebung. Wir nehmen uns Zeit, Ihnen zuzuh\u00f6ren und Ihre Ziele zu verstehen, und passen unsere Therapie gezielt an Ihre individuellen Bed\u00fcrfnisse an.\u00a0<\/p>\n<p>Wir glauben, dass jeder Mensch mit einem individuellen Anliegen zu EO Chiropractic kommt \u2013 und dass daf\u00fcr eine passende, pers\u00f6nliche Behandlungsstrategie n\u00f6tig ist. Deshalb bieten wir gezielte L\u00f6sungen, die sich an Ihren Bed\u00fcrfnissen und Zielen orientieren. Wir kombinieren chiropraktische Behandlungen, Weichteiltechniken und individuell abgestimmte \u00dcbungen, um Ihre Genesung und Leistungsf\u00e4higkeit zu unterst\u00fctzen. Erg\u00e4nzend dazu bieten wir in unserer Praxis auch Massagetherapie und Physiotherapie an \u2013 als Teil eines ganzheitlichen Ansatzes f\u00fcr Ihre Gesundheit.<\/p>\n<p>Nehmen Sie Kontakt mit uns auf \u2013 wir beraten Sie gerne und helfen Ihnen dabei, Ihren ersten Termin zu vereinbaren.<\/p>\n<\/div><\/section>","protected":false},"excerpt":{"rendered":"","protected":false},"author":1,"featured_media":0,"parent":0,"menu_order":0,"comment_status":"closed","ping_status":"closed","template":"","meta":{"footnotes":""},"class_list":["post-32","page","type-page","status-publish","hentry"],"_links":{"self":[{"href":"https:\/\/eo-chiropractic.com\/de\/wp-json\/wp\/v2\/pages\/32","targetHints":{"allow":["GET"]}}],"collection":[{"href":"https:\/\/eo-chiropractic.com\/de\/wp-json\/wp\/v2\/pages"}],"about":[{"href":"https:\/\/eo-chiropractic.com\/de\/wp-json\/wp\/v2\/types\/page"}],"author":[{"embeddable":true,"href":"https:\/\/eo-chiropractic.com\/de\/wp-json\/wp\/v2\/users\/1"}],"replies":[{"embeddable":true,"href":"https:\/\/eo-chiropractic.com\/de\/wp-json\/wp\/v2\/comments?post=32"}],"version-history":[{"count":22,"href":"https:\/\/eo-chiropractic.com\/de\/wp-json\/wp\/v2\/pages\/32\/revisions"}],"predecessor-version":[{"id":172,"href":"https:\/\/eo-chiropractic.com\/de\/wp-json\/wp\/v2\/pages\/32\/revisions\/172"}],"wp:attachment":[{"href":"https:\/\/eo-chiropractic.com\/de\/wp-json\/wp\/v2\/media?parent=32"}],"curies":[{"name":"wp","href":"https:\/\/api.w.org\/{rel}","templated":true}]}}