{"id":34,"date":"2026-02-07T10:00:13","date_gmt":"2026-02-07T10:00:13","guid":{"rendered":"https:\/\/new.eo-chiropractic.com\/?page_id=34"},"modified":"2026-02-21T10:25:42","modified_gmt":"2026-02-21T10:25:42","slug":"chiropractic","status":"publish","type":"page","link":"https:\/\/eo-chiropractic.com\/de\/chiropractic\/","title":{"rendered":"Chiropraktik"},"content":{"rendered":"<p><strong>We aim to help you achieve your health goals through Chiropractic Care<br>Our Chiropractors at EO Chiropractic are highly trained in a range of specific chiropractic techniques and adjustments. From safe and gentle activator low force techniques to manual diversified and soft tissue techniques. We work with everyone\u2019s needs, preferences and goals of care. Chiropractic care is not meant to be a painful process and we strive to be as gentle as possible. That\u2019s why we currently have patients&nbsp;of all ages and stages of life.<\/strong><\/p>\n\n\n\n<p><\/p>\n\n\n\n<p class=\"translation-block\">\u200b<strong>Was ist Chiropraktik?<\/strong><\/p>\n\n\n\n<p class=\"translation-block\">Chiropraktik ist eine ganzheitliche Disziplin, die sich damit befasst, wie Ihr neuromuskuloskelettales System funktioniert \u2013 also wie Gelenke, Muskeln und Nervensystem zusammenarbeiten. Kommt es in diesem Zusammenspiel zu einer Funktionsst\u00f6rung, liegt der Fokus darauf, diese gezielt zu erkennen und zu behandeln. Die Chiropraktik betrachtet dabei immer den Menschen als Ganzes \u2013 nicht nur einzelne Symptome.\n\nDurch Behandlungen, die unter anderem eine sanfte Korrektur von Wirbelgelenken sowie die L\u00f6sung muskul\u00e4rer Spannungen umfassen, wird eine optimale Funktion des Nervensystems angestrebt. Dar\u00fcber hinaus behandeln wir Verletzungen gezielt, um Ihre Leistungsf\u00e4higkeit im Beruf, im Alltag und bei sportlichen Aktivit\u00e4ten bestm\u00f6glich zu unterst\u00fctzen. Chiropraktor:innen verf\u00fcgen \u00fcber eine mindestens f\u00fcnfj\u00e4hrige universit\u00e4re Ausbildung.\n\nWir legen gro\u00dfen Wert auf eine ausf\u00fchrliche Anamnese und gr\u00fcndliche Untersuchung, um ein umfassendes Verst\u00e4ndnis Ihrer individuellen Situation zu erhalten. So k\u00f6nnen wir die Ursache Ihrer Beschwerden identifizieren und einen auf Sie abgestimmten, individuellen Behandlungsplan erstellen.<\/p>\n\n\n\n<p><\/p>\n\n\n\n<p><strong>Womit k\u00f6nnen wir Ihnen helfen?<\/strong><\/p>\n\n\n\n<p>Unser Ziel ist es, Sie so schnell wie m\u00f6glich wieder in Bewegung zu bringen und Ihre Beschwerden zu lindern \u2013 und Ihnen anschlie\u00dfend die richtigen Werkzeuge an die Hand zu geben, damit Sie Ihre Fortschritte auch eigenst\u00e4ndig zu Hause erhalten k\u00f6nnen.<br>Als Chiropraktor:innen liegt unser Schwerpunkt in der Behandlung von:<\/p>\n\n\n\n<ul class=\"wp-block-list\">\n<li>R\u00fcckenschmerzen<\/li>\n\n\n\n<li>Nackenschmerzen<\/li>\n\n\n\n<li>Akute und chronische Schmerzen<\/li>\n\n\n\n<li>Kopfschmerzen<\/li>\n\n\n\n<li>Migr\u00e4ne<\/li>\n\n\n\n<li>Gelenkschmerzen (H\u00fcfte, Knie, Fu\u00df, Schulter Ellenbogen und Handgelenk)<\/li>\n\n\n\n<li>Sportverletzungen und Leistungsoptimierung<\/li>\n\n\n\n<li>Kieferbeschwerden (CMD \/ Kiefergelenksprobleme)<\/li>\n\n\n\n<li>Stress und M\u00fcdigkeit<\/li>\n\n\n\n<li>Ischiasschmerzen (Ischialgie)<\/li>\n\n\n\n<li>Bandscheiben- und Nervenbeschwerden<\/li>\n\n\n\n<li>Muskelkr\u00e4mpfe<\/li>\n\n\n\n<li>Sehnenentz\u00fcndung und Sehnenreizungen<\/li>\n\n\n\n<li><\/li>\n<\/ul>\n\n\n\n<p><strong>What to expect in your treatment<\/strong><\/p>\n\n\n\n<p>Please be aware that the first appointment will take a little longer than normal. Please allow 40-60 minutes so we can perform a thorough assessment.<br>Firstly we begin with taking a thorough history of your pain\/issues, including asking many questions about the origin of the issue, any pre-existing conditions\/factors that could be contributing, what symptoms\/signs you are feeling and what your goals are. This detailed history is then followed up with a targeted examination of you, how your body moves, what exacerbates\/relieves the pain and anything else we need to test to conduct the safest treatment we can. An explanation will be given to you about what our findings were and how we would like to use Chiropractic care to treat these issues along with any risks being explained. We will take you through every step of the treatment and explain to you the why behind it. Treatment may include Chiropractic adjustments (if we consider there to be no contraindications to treatment that would compromise your safety), various soft tissue techniques and rehabilitative exercises given.<br>If you have any questions during or after your appointment, please feel free to reach out to us so we can further help you.<\/p>\n\n\n\n<p><\/p>\n\n\n\n<p class=\"translation-block\">Sport<\/p>\n\n\n\n<p class=\"translation-block\">Leistungsoptimierung &amp; Regeneration<br>\nDie Sportchiropraktik bietet eine gezielte Betreuung zur Optimierung des neuromuskuloskelettalen Systems bei Sportler:innen. Dar\u00fcber hinaus umfasst sie die Rehabilitation akuter, subakuter und chronischer Verletzungen.<\/p>\n\n\n\n<p>Our Chiropractor Fraser takes part in post-graduate studies in many different fields of athelete\/sports injury management to better help the patients we treat. We also work directly with the physical therapists in our Praxis, to better understand how we can better help you, to get you back doing what you love to do.<\/p>\n\n\n\n<p>Unser Behandlungsansatz ist multimodal und kann \u2013 je nach Bedarf \u2013 eine oder mehrere der folgenden Ma\u00dfnahmen umfassen:<\/p>\n\n\n\n<ul class=\"wp-block-list\">\n<li>Wirbelgelenks-Justierung oder -Mobilisation;<\/li>\n\n\n\n<li>Periphere Gelenk-Justierung oder -Mobilisation (z. B. Sprunggelenk, Knie, Schulter);<\/li>\n\n\n\n<li>Weichteiltechniken;<\/li>\n\n\n\n<li>Rehabilitation sowie weitere bewegungstherapeutische und korrektive \u00dcbungsprogramme;<\/li>\n\n\n\n<li>Tape- und Stabilisationsverb\u00e4nde;<\/li>\n\n\n\n<li>weitere erg\u00e4nzende Behandlungsans\u00e4tze.<\/li>\n<\/ul>\n\n\n\n<p><\/p>\n\n\n\n<p><\/p>\n\n\n\n<p>\u200b<strong>Pregnancy<\/strong><\/p>\n\n\n\n<p>Pregnancy is such an exciting chapter of a females life that can come with its extra challenges on the body. With the increase in hormones that relax the joints of the pelvis, change in centre of gravity, increased weight\/pressure on your spine\/joints, along with the increase demands of caring for multiple young children, we can really start to feel the pressure. Chiropractic care is a safe and gentle treatment option to help you get through your pregnancy with less aches and pains by using a combination of gentle targeted chiropractic adjustments, manual manipulations, soft tissue release, balancing of the tension of the uterine ligaments and muscle strengthening\/stretching given to support you at home. Post-natal care is also very important as your body makes rapid changes in the first 6 months after birth. You may have a specific issue or just require a check to ensure the additional body strain of breast feeding and pram pushing is not affecting your spine.&nbsp;&nbsp;<\/p>\n\n\n\n<p><\/p>\n\n\n\n<p><strong>Kinder &amp; S\u00e4uglinge<\/strong><\/p>\n\n\n\n<p>At EO Chiropractic we treat everyone from the very start of life. After birth it\u2019s a perfect time to check a newborn for any inbalances or issues that could be causing discomfort for the baby. After the traumatic process of being born, a check of their neuromusculoskeletal system can help with many symptoms such as feeding issues, (tongue-tie), colic-like symptoms, delay in milestones and musculoskeletal conditions such as torticollis. Chiropractic care for infants is a very gentle process using targeted manipulations with either the fingers or activator. Erin loves working with babies after treating her own baby, and working in co-operation with other health professionals to ensure optimum functioning of a baby\u2019s nervous system.<\/p>\n\n\n\n<p><\/p>","protected":false},"excerpt":{"rendered":"<p>We aim to help you achieve your health goals through Chiropractic CareOur Chiropractors at EO Chiropractic are highly trained in a range of specific chiropractic techniques and adjustments. From safe and gentle activator low force techniques to manual diversified and soft tissue techniques. We work with everyone\u2019s needs, preferences and goals of care. Chiropractic care [&hellip;]<\/p>\n","protected":false},"author":1,"featured_media":0,"parent":0,"menu_order":0,"comment_status":"closed","ping_status":"closed","template":"","meta":{"footnotes":""},"class_list":["post-34","page","type-page","status-publish","hentry"],"_links":{"self":[{"href":"https:\/\/eo-chiropractic.com\/de\/wp-json\/wp\/v2\/pages\/34","targetHints":{"allow":["GET"]}}],"collection":[{"href":"https:\/\/eo-chiropractic.com\/de\/wp-json\/wp\/v2\/pages"}],"about":[{"href":"https:\/\/eo-chiropractic.com\/de\/wp-json\/wp\/v2\/types\/page"}],"author":[{"embeddable":true,"href":"https:\/\/eo-chiropractic.com\/de\/wp-json\/wp\/v2\/users\/1"}],"replies":[{"embeddable":true,"href":"https:\/\/eo-chiropractic.com\/de\/wp-json\/wp\/v2\/comments?post=34"}],"version-history":[{"count":5,"href":"https:\/\/eo-chiropractic.com\/de\/wp-json\/wp\/v2\/pages\/34\/revisions"}],"predecessor-version":[{"id":159,"href":"https:\/\/eo-chiropractic.com\/de\/wp-json\/wp\/v2\/pages\/34\/revisions\/159"}],"wp:attachment":[{"href":"https:\/\/eo-chiropractic.com\/de\/wp-json\/wp\/v2\/media?parent=34"}],"curies":[{"name":"wp","href":"https:\/\/api.w.org\/{rel}","templated":true}]}}