{"id":36,"date":"2026-02-07T10:11:08","date_gmt":"2026-02-07T10:11:08","guid":{"rendered":"https:\/\/new.eo-chiropractic.com\/?page_id=36"},"modified":"2026-02-07T10:33:06","modified_gmt":"2026-02-07T10:33:06","slug":"massage","status":"publish","type":"page","link":"https:\/\/eo-chiropractic.com\/de\/massage\/","title":{"rendered":"Massage und Physio"},"content":{"rendered":"<p><strong>Bei EO Chiropractic sind wir \u00fcberzeugt davon, den K\u00f6rper als Ganzes zu behandeln. Deshalb arbeiten bei uns auch Therapeut:innen mit Spezialisierung in Massage- und Physiotherapie. Diese erg\u00e4nzen unsere chiropraktische Arbeit optimal und helfen Ihnen dabei, sich schneller besser zu f\u00fchlen.<\/strong><\/p>\n\n\n\n<p class=\"translation-block\"><strong>Massage-Therapie<\/strong><br>\nOb Sie nach einer M\u00f6glichkeit zur Entspannung suchen oder gezielt ein bestimmtes Beschwerdebild behandeln lassen m\u00f6chten \u2013 unsere Therapeut:innen bieten individuell abgestimmte Massagebehandlungen, die auf Ihre Bed\u00fcrfnisse zugeschnitten sind. Vor der Behandlung f\u00fchren sie ein kurzes Vorgespr\u00e4ch, damit Sie sich gut aufgehoben f\u00fchlen, Ihre Anliegen geh\u00f6rt werden und Ihre pers\u00f6nlichen Ziele ber\u00fccksichtigt werden.<br>\nTeilen Sie uns gerne mit, welche Art von Massage Sie w\u00fcnschen \u2013 ob Sportmassage, Tiefengewebsmassage, Lymphdrainage, Schwangerschaftsmassage oder eine entspannende Massage. Wir bem\u00fchen uns, auf die unterschiedlichen Bed\u00fcrfnisse unserer Patient:innen einzugehen. Sowohl weibliche als auch m\u00e4nnliche Therapeut:innen stehen zur Verf\u00fcgung.<\/p>\n\n\n\n<p class=\"translation-block\"><strong>Physiotherapie<\/strong><br>\nWir glauben an eine ganzheitliche Betreuung \u2013 nicht nur im Sinne der Behandlung des K\u00f6rpers als Einheit, sondern auch durch den gezielten Einsatz erg\u00e4nzender Therapieformen zur Verbesserung von Behandlungsergebnissen und Leistungsf\u00e4higkeit. In unserer Praxis arbeiten mehrere Physiotherapeut:innen, die verschiedene Methoden anwenden, darunter Weichteiltherapie, Gelenkmobilisation, Taping, Schr\u00f6pfen, assistiertes Dehnen sowie rehabilitative und korrektive \u00dcbungsprogramme.<br>\nGanz gleich, ob Sie unter chronischen Beschwerden leiden, eine akute Verletzung von Gelenk, Muskel oder Sehne haben, an einer Sehnenentz\u00fcndung oder anderen entz\u00fcndlichen Erkrankungen leiden, k\u00fcrzlich operiert wurden, Ihre Leistungsf\u00e4higkeit verbessern m\u00f6chten oder eine Lymphmassage w\u00fcnschen \u2013 unsere Therapeut:innen begleiten Sie gerne auf Ihrem Weg zu mehr Gesundheit und Wohlbefinden.<\/p>","protected":false},"excerpt":{"rendered":"<p>At EO Chiropractic we believe in treating the body as a whole which is why we also have therapists specialising in Massage and Physical Therapy. This complements the work we do as chiropractors, to help you feel better faster. Massage TherapyWhether you are looking for a way to relax, or looking to treat a specific [&hellip;]<\/p>\n","protected":false},"author":1,"featured_media":0,"parent":0,"menu_order":0,"comment_status":"closed","ping_status":"closed","template":"","meta":{"footnotes":""},"class_list":["post-36","page","type-page","status-publish","hentry"],"_links":{"self":[{"href":"https:\/\/eo-chiropractic.com\/de\/wp-json\/wp\/v2\/pages\/36","targetHints":{"allow":["GET"]}}],"collection":[{"href":"https:\/\/eo-chiropractic.com\/de\/wp-json\/wp\/v2\/pages"}],"about":[{"href":"https:\/\/eo-chiropractic.com\/de\/wp-json\/wp\/v2\/types\/page"}],"author":[{"embeddable":true,"href":"https:\/\/eo-chiropractic.com\/de\/wp-json\/wp\/v2\/users\/1"}],"replies":[{"embeddable":true,"href":"https:\/\/eo-chiropractic.com\/de\/wp-json\/wp\/v2\/comments?post=36"}],"version-history":[{"count":2,"href":"https:\/\/eo-chiropractic.com\/de\/wp-json\/wp\/v2\/pages\/36\/revisions"}],"predecessor-version":[{"id":67,"href":"https:\/\/eo-chiropractic.com\/de\/wp-json\/wp\/v2\/pages\/36\/revisions\/67"}],"wp:attachment":[{"href":"https:\/\/eo-chiropractic.com\/de\/wp-json\/wp\/v2\/media?parent=36"}],"curies":[{"name":"wp","href":"https:\/\/api.w.org\/{rel}","templated":true}]}}