{"id":40,"date":"2026-02-07T10:00:02","date_gmt":"2026-02-07T10:00:02","guid":{"rendered":"https:\/\/new.eo-chiropractic.com\/?page_id=40"},"modified":"2026-03-22T17:51:41","modified_gmt":"2026-03-22T17:51:41","slug":"our-team","status":"publish","type":"page","link":"https:\/\/eo-chiropractic.com\/de\/our-team\/","title":{"rendered":"Unser Team"},"content":{"rendered":"<section  class='av_textblock_section av-73bjk-d53115a867ddd14b3f446ae62a7224d8'   itemscope=\"itemscope\" itemtype=\"https:\/\/schema.org\/CreativeWork\" ><div class='avia_textblock'  itemprop=\"text\" ><section class=\"av_textblock_section av-mlc6mk93-3042dc9904f2dce866243f6951cbc704\">\n<div class=\"avia_textblock\">\n<p class=\"translation-block\">Bei EO-Chiropractic betreuen unsere Chiropraktoren \u2013 ausgebildet in Australien, den USA und Chile \u2013 seit 2017 die lokale Gemeinschaft. Wir behandeln unsere Patienten sowohl auf Englisch als auch auf Deutsch und unterst\u00fctzen damit sowohl die amerikanische als auch die deutsche Community.<br>\n\nWir legen gro\u00dfen Wert darauf, gr\u00fcndlich zu arbeiten, den Bed\u00fcrfnissen unserer Patienten aufmerksam zuzuh\u00f6ren und unsere Behandlung individuell auf ihre W\u00fcnsche abzustimmen. Unser Ziel ist es, unseren Patienten die bestm\u00f6gliche Versorgung und optimale Behandlungsergebnisse zu bieten.<br>\n\nWir sind eine multidisziplin\u00e4re Praxis und bieten verschiedene Therapieoptionen an, darunter Massagetherapie, Physiotherapie und Psychotherapie.<br>\n\nUnsere Chiropraktoren in Ramstein bieten sichere, sanfte und effektive Behandlungen f\u00fcr Menschen jeden Alters und sind in verschiedenen Techniken und Methoden erfahren.<br>\n\nWenn Sie erfahren m\u00f6chten, wie wir Ihnen helfen k\u00f6nnen, rufen Sie uns bitte unter \n<a href=\"https:\/\/www.google.de\/search?q=eo+chiropractic&amp;sxsrf=APq-WBu5YDVsesk_YUHoDUdWg1yqbBuJqg1649761876695&amp;source=hp&amp;ei=VF5VYpGhKM_0aJnjovgP&amp;iflsig=AHkkrS4AAAAAYlVsZE9esKHdqPMHQ2STlSyOX9ZaLg5G&amp;oq=EO+chiro&amp;gs_lcp=Cgdnd3Mtd2l6EAEYADIECCMQJzIECCMQJzIECCMQJzILCC4QxwEQrwEQywEyBggAEBYQHjIGCAAQFhAeMgYIABAWEB4yCAgAEBYQChAeMgYIABAWEB4yBggAEBYQHjoRCC4QgAQQsQMQgwEQxwEQ0QM6CwgAEIAEELEDEIMBOggILhCxAxCDAToICAAQsQMQgwE6DgguEIAEELEDEMcBENEDOg4ILhCABBCxAxDHARCjAjoICAAQgAQQsQM6BAgAEEM6CwguEIAEEMcBEK8BOgUIABCABDoHCC4QgAQQCjoKCAAQyQMQChDLAToHCAAQChDLAToFCAAQywFQAFjVCWDyFGgAcAB4AIABb4gBtAaSAQMzLjWYAQCgAQE&amp;sclient=gws-wiz\" target=\"_self\">06371 4988894<\/a> \nan oder schreiben Sie uns eine E-Mail an \n<a href=\"mailto:info@eo-chiropractic.com\" target=\"_self\">info@eo-chiropractic.com<\/a>. \nEiner unserer freundlichen Mitarbeiter wird sich so schnell wie m\u00f6glich bei Ihnen melden.<\/p>\n<p><strong>Lernen Sie unsere Therapeut:innen kennen:<\/strong><\/p>\n<\/div>\n<\/section>\n<\/div><\/section>\n<div  class='hr av-60kek-7a7c9669f5a305a09befe2c4b1ffc59b hr-default  avia-builder-el-1  el_after_av_textblock  el_before_av_textblock'><span class='hr-inner'><span class=\"hr-inner-style\"><\/span><\/span><\/div>\n<section  class='av_textblock_section av-mlc98pft-0efbdbc1cb83c880cb56d2fe125e4db7'   itemscope=\"itemscope\" itemtype=\"https:\/\/schema.org\/CreativeWork\" ><div class='avia_textblock'  itemprop=\"text\" ><p><strong>Chiropraktiker:<\/strong><\/p>\n<p><strong>Erin <\/strong>&#8211; Owner and Principle Chiropractor &#8211; <strong>MC,<\/strong> <strong>Doctor of Chiropractic (Australia)<\/strong><\/p>\n<p><strong>Sprachen: English, Deutsch<\/strong><\/p>\n<p><img loading=\"lazy\" decoding=\"async\" class=\"wp-image-71 size-thumbnail alignleft\" src=\"https:\/\/eo-chiropractic.com\/wp-content\/uploads\/2026\/02\/Erin-150x150.jpg\" alt=\"\" width=\"150\" height=\"150\" srcset=\"\" sizes=\"auto, (max-width: 150px) 100vw, 150px\" data-srcset=\"\" \/><\/p>\n<p class=\"translation-block\">Erin gr\u00fcndete die Praxis im Jahr 2017 in Ramstein, nachdem sie bereits seit 2014 in der Region t\u00e4tig war. Nach ihrem Abschluss an der RMIT University in Melbourne im Jahr 2013 mit einem Bachelor- und Masterabschluss in Health Science\/Chiropractic zog Erin nach Deutschland, um mit ihrem deutschen Ehemann zusammen zu sein.\n\nDa es sowohl in der Region als auch in Deutschland nur wenige Chiropraktoren gibt, sah Erin darin eine gute M\u00f6glichkeit, die lokale Gemeinschaft zu unterst\u00fctzen und mit ihrer Arbeit einen Beitrag zu leisten.\n\nIhr Weg zur Chiropraktik begann bereits im Alter von zehn Jahren. Nach einem Fahrradunfall litt sie unter h\u00e4ufigen Kopfschmerzen und Migr\u00e4ne. Erst nachdem sie zu einem Chiropraktor gebracht wurde \u2013 den sie bis heute aufsucht, wenn sie Gelegenheit hat, in ihre Heimat zu reisen \u2013 erlebte sie eine deutliche Linderung ihrer Beschwerden. Da sie schon immer ein gro\u00dfes Interesse an Gesundheit hatte und gerne Menschen hilft, war der Beruf der Chiropraktorin f\u00fcr sie eine naheliegende Entscheidung.\n\nSie arbeitet gerne mit Menschen jeden Alters und aus allen Lebensbereichen \u2013 vom Baby bis zu \u00e4lteren Menschen. Besonders interessiert sie sich f\u00fcr die Begleitung von Frauen w\u00e4hrend der Schwangerschaft und nach der Geburt, f\u00fcr die Behandlung von Babys sowie f\u00fcr Patienten mit Migr\u00e4ne und Kopfschmerzen. Sie hat verschiedene postgraduale Fortbildungen absolviert, unter anderem in funktioneller Neurologie, zu den Schwangerschafts- und Postpartum-Phasen im Leben von Frauen sowie im Bereich P\u00e4diatrie.\n\nIhre chiropraktischen Behandlungen bestehen in der Regel aus Justierungen (Adjustments), erg\u00e4nzt durch Weichteiltherapietechniken sowie individuell empfohlene \u00dcbungen f\u00fcr zu Hause. Sie ist \u00fcberzeugt davon, dass Chiropraktik besonders wirksam ist, wenn sie mit aktiver Mitarbeit der Patienten im Alltag kombiniert wird. Ihr Ziel ist es, dass sich ihre Patienten wieder besser bewegen und f\u00fchlen k\u00f6nnen, um diese optimale Funktion langfristig zu erhalten.\n\nIn ihrem Privatleben steht ihre Familie im Mittelpunkt \u2013 ihre kleine Tochter und ihr Sohn. Manchmal kann man sie auch in der Praxis antreffen, zum Beispiel wenn Ella am Empfang sitzt und Sie beim Hereinkommen begr\u00fc\u00dft. Erin sch\u00e4tzt besonders die Flexibilit\u00e4t, die ihr erm\u00f6glicht, als berufst\u00e4tige Mutter mit zwei kleinen Kindern zu arbeiten.<\/p>\n<\/div><\/section>\n<div  class='hr av-ra7g-3965e17c56b451396393a33c9f80507f hr-default  avia-builder-el-3  el_after_av_textblock  el_before_av_textblock'><span class='hr-inner'><span class=\"hr-inner-style\"><\/span><\/span><\/div>\n<section  class='av_textblock_section av-mlc999fn-fbe011e787da24f4583b65d666a91e48'   itemscope=\"itemscope\" itemtype=\"https:\/\/schema.org\/CreativeWork\" ><div class='avia_textblock'  itemprop=\"text\" ><p><strong>Ella <\/strong>&#8211; Associate Chiropractor &#8211; <strong>MC, Doctor of Chiropractic (Australia)<\/strong><\/p>\n<p><strong>Sprachen: English, Deutsch, Fran\u00e7ais, Espa\u00f1ol<\/strong><\/p>\n<p><strong><img loading=\"lazy\" decoding=\"async\" class=\"wp-image-72 size-thumbnail alignright\" src=\"https:\/\/eo-chiropractic.com\/wp-content\/uploads\/2026\/02\/Ella-150x150.jpg\" alt=\"\" width=\"150\" height=\"150\" srcset=\"https:\/\/eo-chiropractic.com\/wp-content\/uploads\/2026\/02\/Ella-150x150.jpg 150w, https:\/\/eo-chiropractic.com\/wp-content\/uploads\/2026\/02\/Ella-300x300.jpg 300w, https:\/\/eo-chiropractic.com\/wp-content\/uploads\/2026\/02\/Ella-1024x1024.jpg 1024w, https:\/\/eo-chiropractic.com\/wp-content\/uploads\/2026\/02\/Ella-768x768.jpg 768w, https:\/\/eo-chiropractic.com\/wp-content\/uploads\/2026\/02\/Ella-12x12.jpg 12w, https:\/\/eo-chiropractic.com\/wp-content\/uploads\/2026\/02\/Ella-36x36.jpg 36w, https:\/\/eo-chiropractic.com\/wp-content\/uploads\/2026\/02\/Ella-180x180.jpg 180w, https:\/\/eo-chiropractic.com\/wp-content\/uploads\/2026\/02\/Ella-705x705.jpg 705w, https:\/\/eo-chiropractic.com\/wp-content\/uploads\/2026\/02\/Ella.jpg 1417w\" sizes=\"auto, (max-width: 150px) 100vw, 150px\" \/><\/strong>Urspr\u00fcnglich aus Adelaide, Australien, stammend, schloss Ella 2011 ihr Masterstudium in Chiropraktik an der Macquarie University in Sydney, Australien, ab. Zuvor arbeitete sie zehn Jahre lang weltweit als Ski- und Snowboardlehrerin. Als Chiropraktorin war sie in verschiedenen Praxen in Australien t\u00e4tig und konnte dabei wertvolle Erfahrungen in unterschiedlichen Behandlungssettings sammeln. Ella verf\u00fcgt \u00fcber ein breites Interessensspektrum innerhalb der Chiropraktik \u2013 von der Begleitung chronischer Beschwerden \u00fcber akute Verletzungen bis hin zur Unterst\u00fctzung w\u00e4hrend der Schwangerschaft. Eine besondere Vorliebe hat sie f\u00fcr Rippen-Justierungen (bei dem stechenden Schmerz beim tiefen Einatmen). Ihre Behandlungen umfassen gezielte Weichteiltechniken, situationsangepasste Justierungen sowie individuelle \u00dcbungsprogramme f\u00fcr zu Hause. Vor allem ist sie \u00fcberzeugt, dass Chiropraktik eine gemeinsame Behandlung ist, die durch die aktive Mitarbeit der Patient:innen besonders wirkungsvoll wird. In ihrer Freizeit reist sie gerne, unternimmt Fernwanderungen \u2013 unter anderem auf dem Jakobsweg (Camino de Santiago) \u2013, lernt neue Sprachen und ist stolzes Mitglied des KMC Eagles Eishockeyclubs.<\/p>\n<\/div><\/section>\n<div  class='hr av-5vqeo-85ba4329e23c0dca381517a74d7d38e7 hr-default  avia-builder-el-5  el_after_av_textblock  el_before_av_hr'><span class='hr-inner'><span class=\"hr-inner-style\"><\/span><\/span><\/div>\n<div  class='hr av-58h7s-facf79bd802e7c077f59eb8fecc3ba60 hr-default  avia-builder-el-6  el_after_av_hr  el_before_av_textblock'><span class='hr-inner'><span class=\"hr-inner-style\"><\/span><\/span><\/div>\n<section  class='av_textblock_section av-mlc99z14-10680928ca01f89e74c05f04c54c7628'   itemscope=\"itemscope\" itemtype=\"https:\/\/schema.org\/CreativeWork\" ><div class='avia_textblock'  itemprop=\"text\" ><p><strong>Rodrigo <\/strong>&#8211; Associate Chiropractor &#8211; <strong>Double Bachelor (Chile)<\/strong><\/p>\n<p><strong>Sprachen: English, Espa\u00f1ol<\/strong><\/p>\n<p><img loading=\"lazy\" decoding=\"async\" class=\"wp-image-76 size-thumbnail alignleft\" src=\"https:\/\/eo-chiropractic.com\/wp-content\/uploads\/2026\/02\/Rodrigo-150x150.jpg\" alt=\"\" width=\"150\" height=\"150\" srcset=\"https:\/\/eo-chiropractic.com\/wp-content\/uploads\/2026\/02\/Rodrigo-150x150.jpg 150w, https:\/\/eo-chiropractic.com\/wp-content\/uploads\/2026\/02\/Rodrigo-300x300.jpg 300w, https:\/\/eo-chiropractic.com\/wp-content\/uploads\/2026\/02\/Rodrigo-1024x1024.jpg 1024w, https:\/\/eo-chiropractic.com\/wp-content\/uploads\/2026\/02\/Rodrigo-768x768.jpg 768w, https:\/\/eo-chiropractic.com\/wp-content\/uploads\/2026\/02\/Rodrigo-1536x1536.jpg 1536w, https:\/\/eo-chiropractic.com\/wp-content\/uploads\/2026\/02\/Rodrigo-2048x2048.jpg 2048w, https:\/\/eo-chiropractic.com\/wp-content\/uploads\/2026\/02\/Rodrigo-12x12.jpg 12w, https:\/\/eo-chiropractic.com\/wp-content\/uploads\/2026\/02\/Rodrigo-36x36.jpg 36w, https:\/\/eo-chiropractic.com\/wp-content\/uploads\/2026\/02\/Rodrigo-180x180.jpg 180w, https:\/\/eo-chiropractic.com\/wp-content\/uploads\/2026\/02\/Rodrigo-1500x1500.jpg 1500w, https:\/\/eo-chiropractic.com\/wp-content\/uploads\/2026\/02\/Rodrigo-705x705.jpg 705w\" sizes=\"auto, (max-width: 150px) 100vw, 150px\" \/>Rodrigo ist Chiropraktor aus Chile und verf\u00fcgt \u00fcber mehr als 10 Jahre klinische Erfahrung. Er ist bekannt f\u00fcr seinen patientenzentrierten Ansatz, seine Weichteiltechniken sowie f\u00fcr funktionelle Rehabilitation.<br \/>\nHe focuses on understanding each patient\u2019s unique needs, taking the necessary time to deliver thorough, high-quality care.<\/p>\n<p class=\"translation-block\">Au\u00dferhalb der Praxis reist Rodrigo gerne, spielt Bassgitarre und braut sein eigenes Bier \u2013 Leidenschaften, die seine Neugier, Kreativit\u00e4t und Liebe zum Detail widerspiegeln.\n\nEr bringt eine warme, freundliche und engagierte Energie in seine Arbeit ein und verfolgt stets das Ziel, Menschen dabei zu helfen, sich besser zu bewegen, sich besser zu f\u00fchlen und besser zu leben.<\/p>\n<\/div><\/section>\n<div  class='hr av-411ek-279f29d1e9561a275dfb9ff4d07c2e04 hr-default  avia-builder-el-8  el_after_av_textblock  el_before_av_one_fifth'><span class='hr-inner'><span class=\"hr-inner-style\"><\/span><\/span><\/div>\n<div  class='flex_column av-31jbg-90551701c632d5cb8a92438ee75a403b av_one_fifth  avia-builder-el-9  el_after_av_hr  el_before_av_one_fifth  first flex_column_div'     ><section  class='av_textblock_section av-mlc9smw1-7b74ac113e803fc2c1cace6c8060f830'   itemscope=\"itemscope\" itemtype=\"https:\/\/schema.org\/CreativeWork\" ><div class='avia_textblock'  itemprop=\"text\" ><p style=\"text-align: center;\"><img loading=\"lazy\" decoding=\"async\" class=\"aligncenter wp-image-82 size-thumbnail\" src=\"https:\/\/eo-chiropractic.com\/wp-content\/uploads\/2026\/02\/Alessandra-150x150.jpg\" alt=\"\" width=\"150\" height=\"150\" srcset=\"https:\/\/eo-chiropractic.com\/wp-content\/uploads\/2026\/02\/Alessandra-150x150.jpg 150w, https:\/\/eo-chiropractic.com\/wp-content\/uploads\/2026\/02\/Alessandra-300x300.jpg 300w, https:\/\/eo-chiropractic.com\/wp-content\/uploads\/2026\/02\/Alessandra-1024x1024.jpg 1024w, https:\/\/eo-chiropractic.com\/wp-content\/uploads\/2026\/02\/Alessandra-768x768.jpg 768w, https:\/\/eo-chiropractic.com\/wp-content\/uploads\/2026\/02\/Alessandra-1536x1536.jpg 1536w, https:\/\/eo-chiropractic.com\/wp-content\/uploads\/2026\/02\/Alessandra-2048x2048.jpg 2048w, https:\/\/eo-chiropractic.com\/wp-content\/uploads\/2026\/02\/Alessandra-12x12.jpg 12w, https:\/\/eo-chiropractic.com\/wp-content\/uploads\/2026\/02\/Alessandra-36x36.jpg 36w, https:\/\/eo-chiropractic.com\/wp-content\/uploads\/2026\/02\/Alessandra-180x180.jpg 180w, https:\/\/eo-chiropractic.com\/wp-content\/uploads\/2026\/02\/Alessandra-1500x1500.jpg 1500w, https:\/\/eo-chiropractic.com\/wp-content\/uploads\/2026\/02\/Alessandra-705x705.jpg 705w\" sizes=\"auto, (max-width: 150px) 100vw, 150px\" \/><\/p>\n<p style=\"text-align: center;\"><strong>Alessandra &#8211; Massage Therapist<\/strong><\/p>\n<p style=\"text-align: center;\">Sprache: English, Italiano<\/p>\n<\/div><\/section><\/div>\n<div  class='flex_column av-nlkg-825c3a9e18b70693d8cb90c8938c5744 av_one_fifth  avia-builder-el-11  el_after_av_one_fifth  el_before_av_one_fifth  flex_column_div'     ><section  class='av_textblock_section av-mlcaauzw-9b8673aa27cb49d897120d2d1d8f124f'   itemscope=\"itemscope\" itemtype=\"https:\/\/schema.org\/CreativeWork\" ><div class='avia_textblock'  itemprop=\"text\" ><p><img loading=\"lazy\" decoding=\"async\" class=\"size-thumbnail wp-image-85 aligncenter\" src=\"https:\/\/eo-chiropractic.com\/wp-content\/uploads\/2026\/02\/Ramon-150x150.jpg\" alt=\"\" width=\"150\" height=\"150\" srcset=\"https:\/\/eo-chiropractic.com\/wp-content\/uploads\/2026\/02\/Ramon-150x150.jpg 150w, https:\/\/eo-chiropractic.com\/wp-content\/uploads\/2026\/02\/Ramon-300x300.jpg 300w, https:\/\/eo-chiropractic.com\/wp-content\/uploads\/2026\/02\/Ramon-1024x1024.jpg 1024w, https:\/\/eo-chiropractic.com\/wp-content\/uploads\/2026\/02\/Ramon-768x768.jpg 768w, https:\/\/eo-chiropractic.com\/wp-content\/uploads\/2026\/02\/Ramon-1536x1536.jpg 1536w, https:\/\/eo-chiropractic.com\/wp-content\/uploads\/2026\/02\/Ramon-2048x2048.jpg 2048w, https:\/\/eo-chiropractic.com\/wp-content\/uploads\/2026\/02\/Ramon-12x12.jpg 12w, https:\/\/eo-chiropractic.com\/wp-content\/uploads\/2026\/02\/Ramon-36x36.jpg 36w, https:\/\/eo-chiropractic.com\/wp-content\/uploads\/2026\/02\/Ramon-180x180.jpg 180w, https:\/\/eo-chiropractic.com\/wp-content\/uploads\/2026\/02\/Ramon-1500x1500.jpg 1500w, https:\/\/eo-chiropractic.com\/wp-content\/uploads\/2026\/02\/Ramon-705x705.jpg 705w\" sizes=\"auto, (max-width: 150px) 100vw, 150px\" \/><\/p>\n<p style=\"text-align: center;\"><strong>Ramon &#8211; Physical Therapist<\/strong><\/p>\n<p style=\"text-align: center;\">Sprachen: English, Espa\u00f1ol<\/p>\n<\/div><\/section><\/div>\n<div  class='flex_column av-20mgk-e1823995781c777175594e4219df2f07 av_one_fifth  avia-builder-el-13  el_after_av_one_fifth  el_before_av_one_fifth  flex_column_div'     ><section  class='av_textblock_section av-mlca7qj0-c5cc65bd93f11f759f697c818fc03d64'   itemscope=\"itemscope\" itemtype=\"https:\/\/schema.org\/CreativeWork\" ><div class='avia_textblock'  itemprop=\"text\" ><p><img loading=\"lazy\" decoding=\"async\" class=\"aligncenter wp-image-83 size-thumbnail\" src=\"https:\/\/eo-chiropractic.com\/wp-content\/uploads\/2026\/02\/Brittany-150x150.jpg\" alt=\"\" width=\"150\" height=\"150\" srcset=\"https:\/\/eo-chiropractic.com\/wp-content\/uploads\/2026\/02\/Brittany-150x150.jpg 150w, https:\/\/eo-chiropractic.com\/wp-content\/uploads\/2026\/02\/Brittany-300x300.jpg 300w, https:\/\/eo-chiropractic.com\/wp-content\/uploads\/2026\/02\/Brittany-1024x1024.jpg 1024w, https:\/\/eo-chiropractic.com\/wp-content\/uploads\/2026\/02\/Brittany-768x768.jpg 768w, https:\/\/eo-chiropractic.com\/wp-content\/uploads\/2026\/02\/Brittany-1536x1536.jpg 1536w, https:\/\/eo-chiropractic.com\/wp-content\/uploads\/2026\/02\/Brittany-2048x2048.jpg 2048w, https:\/\/eo-chiropractic.com\/wp-content\/uploads\/2026\/02\/Brittany-12x12.jpg 12w, https:\/\/eo-chiropractic.com\/wp-content\/uploads\/2026\/02\/Brittany-36x36.jpg 36w, https:\/\/eo-chiropractic.com\/wp-content\/uploads\/2026\/02\/Brittany-180x180.jpg 180w, https:\/\/eo-chiropractic.com\/wp-content\/uploads\/2026\/02\/Brittany-1500x1500.jpg 1500w, https:\/\/eo-chiropractic.com\/wp-content\/uploads\/2026\/02\/Brittany-705x705.jpg 705w\" sizes=\"auto, (max-width: 150px) 100vw, 150px\" \/><\/p>\n<p style=\"text-align: center;\"><strong>Brittani &#8211; Massage Therapist<\/strong><\/p>\n<p style=\"text-align: center;\">Sprache: English<\/p>\n<\/div><\/section><\/div>\n<div  class='flex_column av-2j5fo-5953bbf9963b6f74a72bd1b738efc75b av_one_fifth  avia-builder-el-15  el_after_av_one_fifth  el_before_av_one_fifth  flex_column_div'     ><section  class='av_textblock_section av-mlca6d9x-78d1ba0b25ba44ba2375936b311af387'   itemscope=\"itemscope\" itemtype=\"https:\/\/schema.org\/CreativeWork\" ><div class='avia_textblock'  itemprop=\"text\" ><p><img loading=\"lazy\" decoding=\"async\" class=\"aligncenter wp-image-84 size-thumbnail\" src=\"https:\/\/eo-chiropractic.com\/wp-content\/uploads\/2026\/02\/Jennifer-150x150.jpg\" alt=\"\" width=\"150\" height=\"150\" srcset=\"https:\/\/eo-chiropractic.com\/wp-content\/uploads\/2026\/02\/Jennifer-150x150.jpg 150w, https:\/\/eo-chiropractic.com\/wp-content\/uploads\/2026\/02\/Jennifer-300x300.jpg 300w, https:\/\/eo-chiropractic.com\/wp-content\/uploads\/2026\/02\/Jennifer-1024x1024.jpg 1024w, https:\/\/eo-chiropractic.com\/wp-content\/uploads\/2026\/02\/Jennifer-768x768.jpg 768w, https:\/\/eo-chiropractic.com\/wp-content\/uploads\/2026\/02\/Jennifer-1536x1536.jpg 1536w, https:\/\/eo-chiropractic.com\/wp-content\/uploads\/2026\/02\/Jennifer-2048x2048.jpg 2048w, https:\/\/eo-chiropractic.com\/wp-content\/uploads\/2026\/02\/Jennifer-12x12.jpg 12w, https:\/\/eo-chiropractic.com\/wp-content\/uploads\/2026\/02\/Jennifer-36x36.jpg 36w, https:\/\/eo-chiropractic.com\/wp-content\/uploads\/2026\/02\/Jennifer-180x180.jpg 180w, https:\/\/eo-chiropractic.com\/wp-content\/uploads\/2026\/02\/Jennifer-1500x1500.jpg 1500w, https:\/\/eo-chiropractic.com\/wp-content\/uploads\/2026\/02\/Jennifer-705x705.jpg 705w\" sizes=\"auto, (max-width: 150px) 100vw, 150px\" \/><\/p>\n<p style=\"text-align: center;\"><strong>Jennifer &#8211; Massage Therapist<\/strong><\/p>\n<p style=\"text-align: center;\">Sprache: English<\/p>\n<\/div><\/section><\/div>\n<div  class='flex_column av-1kkzo-13eacec862041af32abe0e140cab9624 av_one_fifth  avia-builder-el-17  el_after_av_one_fifth  avia-builder-el-last  flex_column_div'     ><section  class='av_textblock_section av-mlca9yed-11dbfd51014c804d3986835c84bb70c2'   itemscope=\"itemscope\" itemtype=\"https:\/\/schema.org\/CreativeWork\" ><div class='avia_textblock'  itemprop=\"text\" ><p><img loading=\"lazy\" decoding=\"async\" class=\"alignnone size-thumbnail wp-image-16 aligncenter\" src=\"https:\/\/eo-chiropractic.com\/wp-content\/uploads\/2026\/02\/cropped-EOC-Logo-scaled-1-150x150.jpg\" alt=\"\" width=\"150\" height=\"150\" srcset=\"https:\/\/eo-chiropractic.com\/wp-content\/uploads\/2026\/02\/cropped-EOC-Logo-scaled-1-150x150.jpg 150w, https:\/\/eo-chiropractic.com\/wp-content\/uploads\/2026\/02\/cropped-EOC-Logo-scaled-1-300x300.jpg 300w, https:\/\/eo-chiropractic.com\/wp-content\/uploads\/2026\/02\/cropped-EOC-Logo-scaled-1-12x12.jpg 12w, https:\/\/eo-chiropractic.com\/wp-content\/uploads\/2026\/02\/cropped-EOC-Logo-scaled-1-36x36.jpg 36w, https:\/\/eo-chiropractic.com\/wp-content\/uploads\/2026\/02\/cropped-EOC-Logo-scaled-1-180x180.jpg 180w, https:\/\/eo-chiropractic.com\/wp-content\/uploads\/2026\/02\/cropped-EOC-Logo-scaled-1-270x270.jpg 270w, https:\/\/eo-chiropractic.com\/wp-content\/uploads\/2026\/02\/cropped-EOC-Logo-scaled-1-192x192.jpg 192w, https:\/\/eo-chiropractic.com\/wp-content\/uploads\/2026\/02\/cropped-EOC-Logo-scaled-1-32x32.jpg 32w, https:\/\/eo-chiropractic.com\/wp-content\/uploads\/2026\/02\/cropped-EOC-Logo-scaled-1.jpg 512w\" sizes=\"auto, (max-width: 150px) 100vw, 150px\" \/><\/p>\n<p style=\"text-align: center;\"><strong>Jaclyn &#8211; Massage Therapist<\/strong><\/p>\n<p style=\"text-align: center;\">Sprache: English<\/p>\n<\/div><\/section><\/div>","protected":false},"excerpt":{"rendered":"","protected":false},"author":1,"featured_media":0,"parent":0,"menu_order":0,"comment_status":"closed","ping_status":"closed","template":"","meta":{"footnotes":""},"class_list":["post-40","page","type-page","status-publish","hentry"],"_links":{"self":[{"href":"https:\/\/eo-chiropractic.com\/de\/wp-json\/wp\/v2\/pages\/40","targetHints":{"allow":["GET"]}}],"collection":[{"href":"https:\/\/eo-chiropractic.com\/de\/wp-json\/wp\/v2\/pages"}],"about":[{"href":"https:\/\/eo-chiropractic.com\/de\/wp-json\/wp\/v2\/types\/page"}],"author":[{"embeddable":true,"href":"https:\/\/eo-chiropractic.com\/de\/wp-json\/wp\/v2\/users\/1"}],"replies":[{"embeddable":true,"href":"https:\/\/eo-chiropractic.com\/de\/wp-json\/wp\/v2\/comments?post=40"}],"version-history":[{"count":20,"href":"https:\/\/eo-chiropractic.com\/de\/wp-json\/wp\/v2\/pages\/40\/revisions"}],"predecessor-version":[{"id":188,"href":"https:\/\/eo-chiropractic.com\/de\/wp-json\/wp\/v2\/pages\/40\/revisions\/188"}],"wp:attachment":[{"href":"https:\/\/eo-chiropractic.com\/de\/wp-json\/wp\/v2\/media?parent=40"}],"curies":[{"name":"wp","href":"https:\/\/api.w.org\/{rel}","templated":true}]}}