{"id":143,"date":"2026-02-07T16:20:51","date_gmt":"2026-02-07T16:20:51","guid":{"rendered":"https:\/\/new.eo-chiropractic.com\/?page_id=143"},"modified":"2026-02-07T16:20:52","modified_gmt":"2026-02-07T16:20:52","slug":"impressum","status":"publish","type":"page","link":"https:\/\/eo-chiropractic.com\/en\/impressum\/","title":{"rendered":"Impressum"},"content":{"rendered":"\n<p><div class=\"two-thirds-left\">Angaben gem\u00e4\u00df \u00a7 5 TMG<\/div><\/p>\n\n\n\n<p><div class=\"two-thirds-left\">Erin Odgers<\/div><\/p>\n\n\n\n<p><div class=\"two-thirds-left\">EO-Chiropractic<\/div><\/p>\n\n\n\n<p><div class=\"two-thirds-left\">Steinwendener Str. 8a<\/div><\/p>\n\n\n\n<p><div class=\"two-thirds-left\">66877 Ramstein-Miesenbach<\/div><\/p>\n\n\n\n<p><\/p>\n\n\n\n<p><div class=\"two-thirds-left\">Kontakt<\/div><\/p>\n\n\n\n<p><div class=\"two-thirds-left\">Telefon: 06371 4988894<\/div><\/p>\n\n\n\n<p><div class=\"two-thirds-left\">E-Mail: info@eo-chiropractic.com<\/div><\/p>\n\n\n\n<p><\/p>\n\n\n\n<p><div class=\"two-thirds-left\">Aufsichtsbeh\u00f6rde: Kreisverwaltung S\u00fcdwestpfalz Abteilung Gesundheitswesen<\/div><\/p>\n\n\n\n<p><div class=\"two-thirds-left\">Unterer Sommerwaldweg 40-42<\/div><\/p>\n\n\n\n<p><div class=\"two-thirds-left\">66953 Pirmasens<\/div><\/p>\n\n\n\n<p><div class=\"two-thirds-left\">06331\/ 809417<\/div><\/p>\n\n\n\n<p><div class=\"two-thirds-left\">https:\/\/www.lksuedwestpfalz.de\/buergerservice\/abteilungen\/gesundheitswesen\/Berufsbezeichnung und berufsrechtliche Regelungen<\/div><\/p>\n\n\n\n<p><div class=\"two-thirds-left\">Berufsbezeichnung: <\/div><\/p>\n\n\n\n<p><div class=\"two-thirds-left\">Heilpraktikerin \u2013 Chiropractic (Zulassung am 04.03.2016 durch das Gesundheitsamt Mainz-Bingen),<\/div><\/p>\n\n\n\n<p><div class=\"two-thirds-left\">Bachelor\/Masters in Health Science\/Chiropractic in 2013, RMIT University, Australia<\/div><div class=\"two-thirds-left\"><\/div><div class=\"two-thirds-left\"><\/div><\/p>\n\n\n\n<p><div class=\"two-thirds-left\"><article id=\"post-171\" class=\"post-171 page type-page status-publish hentry\"><div class=\"entry-single\"><br><p>Verliehen in:Deutschland<\/p><\/div><\/article><\/div><\/p>\n\n\n\n<p><div class=\"two-thirds-left\"><article id=\"post-171\" class=\"post-171 page type-page status-publish hentry\"><div class=\"entry-single\"><p>Es gelten folgende berufsrechtliche Regelungen:<\/p><\/div><\/article><\/div><\/p>\n\n\n\n<p><div class=\"two-thirds-left\"><article id=\"post-171\" class=\"post-171 page type-page status-publish hentry\"><div class=\"entry-single\"><p>Berufsordnung f\u00fcr Heilpraktiker: <\/p><\/div><\/article><\/div><\/p>\n\n\n\n<p><div class=\"two-thirds-left\"><article id=\"post-171\" class=\"post-171 page type-page status-publish hentry\"><div class=\"entry-single\"><p>einsehbar unter: http:\/\/www.heilpraktiker.org\/die-berufsordnung-fuer-heilpraktiker<\/p><\/div><\/article><\/div><\/p>\n\n\n\n<p><div class=\"two-thirds-left\"><article id=\"post-171\" class=\"post-171 page type-page status-publish hentry\"><div class=\"entry-single\"><p>Gesetz \u00fcber die berufsm\u00e4\u00dfige Aus\u00fcbung der Heilkunde:<\/p><\/div><\/article><\/div><\/p>\n\n\n\n<p><div class=\"two-thirds-left\"><article id=\"post-171\" class=\"post-171 page type-page status-publish hentry\"><div class=\"entry-single\"><p>einsehbar unter: http:\/\/www.gesetze-im-internet.de\/heilprg\/BJNR002510939.html<\/p><\/div><\/article><\/div><\/p>\n\n\n\n<p><div class=\"two-thirds-left\"><article id=\"post-171\" class=\"post-171 page type-page status-publish hentry\"><div class=\"entry-single\"><p>Angaben zur Berufshaftpflichtversicherung<\/p><\/div><\/article><\/div><\/p>\n\n\n\n<p><div class=\"two-thirds-left\"><article id=\"post-171\" class=\"post-171 page type-page status-publish hentry\"><div class=\"entry-single\"><p>Name und Sitz des Versicherers:<\/p><\/div><\/article><\/div><\/p>\n\n\n\n<p><div class=\"two-thirds-left\"><article id=\"post-171\" class=\"post-171 page type-page status-publish hentry\"><div class=\"entry-single\"><p>GeneraliKundenservice-Direktion Stuttgart<\/p><\/div><\/article><\/div><\/p>\n\n\n\n<p><div class=\"two-thirds-left\"><article id=\"post-171\" class=\"post-171 page type-page status-publish hentry\"><div class=\"entry-single\"><p>70134 Stuttgart<\/p><\/div><\/article><\/div><\/p>\n\n\n\n<p><div class=\"two-thirds-left\"><article id=\"post-171\" class=\"post-171 page type-page status-publish hentry\"><div class=\"entry-single\"><p>Geltungsraum der Versicherung: Deutschland EU<\/p><\/div><\/article><\/div><\/p>\n\n\n\n<p><\/p>\n\n\n\n<p><div class=\"two-thirds-left\"><article id=\"post-171\" class=\"post-171 page type-page status-publish hentry\"><div class=\"entry-single\"><p>Streitschlichtung<\/p><\/div><\/article><\/div><\/p>\n\n\n\n<p><div class=\"two-thirds-left\"><article id=\"post-171\" class=\"post-171 page type-page status-publish hentry\"><div class=\"entry-single\"><p>Die Europ\u00e4ische Kommission stellt eine Plattform zur Online-Streitbeilegung (OS) bereit:<\/p><\/div><\/article><\/div><\/p>\n\n\n\n<p><div class=\"two-thirds-left\"><article id=\"post-171\" class=\"post-171 page type-page status-publish hentry\"><div class=\"entry-single\"><p>https:\/\/ec.europa.eu\/consumers\/odr\/.<\/p><\/div><\/article><\/div><\/p>\n\n\n\n<p><div class=\"two-thirds-left\"><article id=\"post-171\" class=\"post-171 page type-page status-publish hentry\"><div class=\"entry-single\"><p>Unsere E-Mail-Adresse finden Sie oben im Impressum.<\/p><\/div><\/article><\/div><\/p>\n\n\n\n<p><div class=\"two-thirds-left\"><article id=\"post-171\" class=\"post-171 page type-page status-publish hentry\"><div class=\"entry-single\"><p>Verbraucherstreitbeilegung\/Universalschlichtungsstelle<\/p><\/div><\/article><\/div><\/p>\n\n\n\n<p><div class=\"two-thirds-left\"><article id=\"post-171\" class=\"post-171 page type-page status-publish hentry\"><div class=\"entry-single\"><p>Wir sind nicht bereit oder verpflichtet, an Streitbeilegungsverfahren vor einer Verbraucherschlichtungsstelle teilzunehmen.<\/p><\/div><\/article><\/div><\/p>\n\n\n\n<p><\/p>\n\n\n\n<p><div class=\"two-thirds-left\"><article id=\"post-171\" class=\"post-171 page type-page status-publish hentry\"><div class=\"entry-single\"><p>Quelle:https:\/\/www.e-recht24.de\/impressum-generator.html3<\/p><br>\t\t\t<\/div><br><\/article><br>\t\t\t\t\t\t\t\t\t\t<br>\t\t<\/div><\/p>\n","protected":false},"excerpt":{"rendered":"<p>Angaben gem\u00e4\u00df \u00a7 5 TMG Erin Odgers EO-Chiropractic Steinwendener Str. 8a 66877 Ramstein-Miesenbach Kontakt Telefon: 06371 4988894 E-Mail: info@eo-chiropractic.com Aufsichtsbeh\u00f6rde: Kreisverwaltung S\u00fcdwestpfalz Abteilung Gesundheitswesen Unterer Sommerwaldweg 40-42 66953 Pirmasens 06331\/ 809417 https:\/\/www.lksuedwestpfalz.de\/buergerservice\/abteilungen\/gesundheitswesen\/Berufsbezeichnung und berufsrechtliche Regelungen Berufsbezeichnung: Heilpraktikerin \u2013 Chiropractic (Zulassung am 04.03.2016 durch das Gesundheitsamt Mainz-Bingen), Bachelor\/Masters in Health Science\/Chiropractic in 2013, RMIT University, Australia [&hellip;]<\/p>\n","protected":false},"author":1,"featured_media":0,"parent":0,"menu_order":0,"comment_status":"closed","ping_status":"closed","template":"","meta":{"footnotes":""},"class_list":["post-143","page","type-page","status-publish","hentry"],"_links":{"self":[{"href":"https:\/\/eo-chiropractic.com\/en\/wp-json\/wp\/v2\/pages\/143","targetHints":{"allow":["GET"]}}],"collection":[{"href":"https:\/\/eo-chiropractic.com\/en\/wp-json\/wp\/v2\/pages"}],"about":[{"href":"https:\/\/eo-chiropractic.com\/en\/wp-json\/wp\/v2\/types\/page"}],"author":[{"embeddable":true,"href":"https:\/\/eo-chiropractic.com\/en\/wp-json\/wp\/v2\/users\/1"}],"replies":[{"embeddable":true,"href":"https:\/\/eo-chiropractic.com\/en\/wp-json\/wp\/v2\/comments?post=143"}],"version-history":[{"count":2,"href":"https:\/\/eo-chiropractic.com\/en\/wp-json\/wp\/v2\/pages\/143\/revisions"}],"predecessor-version":[{"id":145,"href":"https:\/\/eo-chiropractic.com\/en\/wp-json\/wp\/v2\/pages\/143\/revisions\/145"}],"wp:attachment":[{"href":"https:\/\/eo-chiropractic.com\/en\/wp-json\/wp\/v2\/media?parent=143"}],"curies":[{"name":"wp","href":"https:\/\/api.w.org\/{rel}","templated":true}]}}